{"id":155,"date":"2018-06-26T15:00:10","date_gmt":"2018-06-26T13:00:10","guid":{"rendered":"https:\/\/quicktools4p.com\/\/tooling\/"},"modified":"2018-07-17T14:10:40","modified_gmt":"2018-07-17T12:10:40","slug":"tooling","status":"publish","type":"page","link":"https:\/\/quicktools4p.com\/de\/tooling\/","title":{"rendered":"Werkzeugbau"},"content":{"rendered":"<h3>Kapazit\u00e4t<\/h3>\n<p>J\u00e4hrlich werden bei Quicktools bis zu 150 Werkzeuge gebaut. In Spitzenjahren auchl bis zu 300 St\u00fcck. Die Werkzeuge laufen in unserer eigenen Spritzgussabteilung und haben ein garantiert unbeschr\u00e4nkte Lebensdauer.<\/p>\n<h3>Ausstattung<\/h3>\n<p>Unsere Abteilung Werkzeugbau verf\u00fcgt sowohl \u00fcber erstklassige Anlagen f\u00fcr die generative Fertigung als auch \u00fcber Hochleistungsbearbeitungsmaschinen.<\/p>\n<h3>Merkmale der Werkzeuge f\u00fcr den 3D-Druck:<\/h3>\n<ul>\n<li>Ein gedruckter Werkzeugeinsatz verlangt KEINE Arbeitsstunden und ist fehlerfrei<\/li>\n<li>Das Bauteil ist eine 1-zu-1 Kopie der 3D\u2014Daten.<\/li>\n<li>Sogar komplizierte Formen werden m\u00fchelos fertiggestellt<\/li>\n<li>Schnell : Typische Durchlaufzeiten betragen nur einige Tage<\/li>\n<li>Hochpr\u00e4zision: Der Prozess wird auf 20 \u00b5m gesteuert.<\/li>\n<li>Auswahl Oberfl\u00e4che : Strichpolitur, Narbung oder Hochglanz<\/li>\n<li>Gro\u00dfartige K\u00fchlung, konforme K\u00fchlung falls notwendig, kostenneutral<\/li>\n<li>Bauteile bis zu 1 m lang<\/li>\n<li>Hei\u00dfkan\u00e4le falls erforderlich<\/li>\n<\/ul>\n","protected":false},"excerpt":{"rendered":"<p>Kapazit\u00e4t J\u00e4hrlich werden bei Quicktools bis zu 150 Werkzeuge gebaut. In Spitzenjahren auchl bis zu 300 St\u00fcck. Die Werkzeuge laufen in unserer eigenen Spritzgussabteilung und haben ein garantiert unbeschr\u00e4nkte Lebensdauer. Ausstattung Unsere Abteilung Werkzeugbau verf\u00fcgt sowohl \u00fcber erstklassige Anlagen f\u00fcr die generative Fertigung als auch \u00fcber Hochleistungsbearbeitungsmaschinen. Merkmale der Werkzeuge f\u00fcr den 3D-Druck: Ein gedruckter [&hellip;]<\/p>\n","protected":false},"author":1,"featured_media":0,"parent":0,"menu_order":7,"comment_status":"closed","ping_status":"closed","template":"template_text.php","meta":{"_acf_changed":false,"footnotes":""},"class_list":["post-155","page","type-page","status-publish","hentry"],"acf":[],"yoast_head":"<!-- This site is optimized with the Yoast SEO plugin v25.7 - https:\/\/yoast.com\/wordpress\/plugins\/seo\/ -->\n<title>Werkzeugbau - Quick Tools<\/title>\n<meta name=\"robots\" content=\"index, follow, max-snippet:-1, max-image-preview:large, max-video-preview:-1\" \/>\n<link rel=\"canonical\" href=\"https:\/\/quicktools4p.com\/de\/tooling\/\" \/>\n<meta property=\"og:locale\" content=\"de_DE\" \/>\n<meta property=\"og:type\" content=\"article\" \/>\n<meta property=\"og:title\" content=\"Werkzeugbau - Quick Tools\" \/>\n<meta property=\"og:description\" content=\"Kapazit\u00e4t J\u00e4hrlich werden bei Quicktools bis zu 150 Werkzeuge gebaut. In Spitzenjahren auchl bis zu 300 St\u00fcck. Die Werkzeuge laufen in unserer eigenen Spritzgussabteilung und haben ein garantiert unbeschr\u00e4nkte Lebensdauer. Ausstattung Unsere Abteilung Werkzeugbau verf\u00fcgt sowohl \u00fcber erstklassige Anlagen f\u00fcr die generative Fertigung als auch \u00fcber Hochleistungsbearbeitungsmaschinen. Merkmale der Werkzeuge f\u00fcr den 3D-Druck: Ein gedruckter [&hellip;]\" \/>\n<meta property=\"og:url\" content=\"https:\/\/quicktools4p.com\/de\/tooling\/\" \/>\n<meta property=\"og:site_name\" content=\"Quick Tools\" \/>\n<meta property=\"article:modified_time\" content=\"2018-07-17T12:10:40+00:00\" \/>\n<meta name=\"twitter:card\" content=\"summary_large_image\" \/>\n<meta name=\"twitter:label1\" content=\"Gesch\u00e4tzte Lesezeit\" \/>\n\t<meta name=\"twitter:data1\" content=\"1\u00a0Minute\" \/>\n<script type=\"application\/ld+json\" class=\"yoast-schema-graph\">{\"@context\":\"https:\/\/schema.org\",\"@graph\":[{\"@type\":\"WebPage\",\"@id\":\"https:\/\/quicktools4p.com\/de\/tooling\/\",\"url\":\"https:\/\/quicktools4p.com\/de\/tooling\/\",\"name\":\"Werkzeugbau - Quick Tools\",\"isPartOf\":{\"@id\":\"https:\/\/quicktools4p.com\/#website\"},\"datePublished\":\"2018-06-26T13:00:10+00:00\",\"dateModified\":\"2018-07-17T12:10:40+00:00\",\"breadcrumb\":{\"@id\":\"https:\/\/quicktools4p.com\/de\/tooling\/#breadcrumb\"},\"inLanguage\":\"de\",\"potentialAction\":[{\"@type\":\"ReadAction\",\"target\":[\"https:\/\/quicktools4p.com\/de\/tooling\/\"]}]},{\"@type\":\"BreadcrumbList\",\"@id\":\"https:\/\/quicktools4p.com\/de\/tooling\/#breadcrumb\",\"itemListElement\":[{\"@type\":\"ListItem\",\"position\":1,\"name\":\"Home\",\"item\":\"https:\/\/quicktools4p.com\/de\/\"},{\"@type\":\"ListItem\",\"position\":2,\"name\":\"Werkzeugbau\"}]},{\"@type\":\"WebSite\",\"@id\":\"https:\/\/quicktools4p.com\/#website\",\"url\":\"https:\/\/quicktools4p.com\/\",\"name\":\"Quick Tools\",\"description\":\"\",\"potentialAction\":[{\"@type\":\"SearchAction\",\"target\":{\"@type\":\"EntryPoint\",\"urlTemplate\":\"https:\/\/quicktools4p.com\/?s={search_term_string}\"},\"query-input\":{\"@type\":\"PropertyValueSpecification\",\"valueRequired\":true,\"valueName\":\"search_term_string\"}}],\"inLanguage\":\"de\"}]}<\/script>\n<!-- \/ Yoast SEO plugin. -->","yoast_head_json":{"title":"Werkzeugbau - Quick Tools","robots":{"index":"index","follow":"follow","max-snippet":"max-snippet:-1","max-image-preview":"max-image-preview:large","max-video-preview":"max-video-preview:-1"},"canonical":"https:\/\/quicktools4p.com\/de\/tooling\/","og_locale":"de_DE","og_type":"article","og_title":"Werkzeugbau - Quick Tools","og_description":"Kapazit\u00e4t J\u00e4hrlich werden bei Quicktools bis zu 150 Werkzeuge gebaut. In Spitzenjahren auchl bis zu 300 St\u00fcck. Die Werkzeuge laufen in unserer eigenen Spritzgussabteilung und haben ein garantiert unbeschr\u00e4nkte Lebensdauer. Ausstattung Unsere Abteilung Werkzeugbau verf\u00fcgt sowohl \u00fcber erstklassige Anlagen f\u00fcr die generative Fertigung als auch \u00fcber Hochleistungsbearbeitungsmaschinen. Merkmale der Werkzeuge f\u00fcr den 3D-Druck: Ein gedruckter [&hellip;]","og_url":"https:\/\/quicktools4p.com\/de\/tooling\/","og_site_name":"Quick Tools","article_modified_time":"2018-07-17T12:10:40+00:00","twitter_card":"summary_large_image","twitter_misc":{"Gesch\u00e4tzte Lesezeit":"1\u00a0Minute"},"schema":{"@context":"https:\/\/schema.org","@graph":[{"@type":"WebPage","@id":"https:\/\/quicktools4p.com\/de\/tooling\/","url":"https:\/\/quicktools4p.com\/de\/tooling\/","name":"Werkzeugbau - Quick Tools","isPartOf":{"@id":"https:\/\/quicktools4p.com\/#website"},"datePublished":"2018-06-26T13:00:10+00:00","dateModified":"2018-07-17T12:10:40+00:00","breadcrumb":{"@id":"https:\/\/quicktools4p.com\/de\/tooling\/#breadcrumb"},"inLanguage":"de","potentialAction":[{"@type":"ReadAction","target":["https:\/\/quicktools4p.com\/de\/tooling\/"]}]},{"@type":"BreadcrumbList","@id":"https:\/\/quicktools4p.com\/de\/tooling\/#breadcrumb","itemListElement":[{"@type":"ListItem","position":1,"name":"Home","item":"https:\/\/quicktools4p.com\/de\/"},{"@type":"ListItem","position":2,"name":"Werkzeugbau"}]},{"@type":"WebSite","@id":"https:\/\/quicktools4p.com\/#website","url":"https:\/\/quicktools4p.com\/","name":"Quick Tools","description":"","potentialAction":[{"@type":"SearchAction","target":{"@type":"EntryPoint","urlTemplate":"https:\/\/quicktools4p.com\/?s={search_term_string}"},"query-input":{"@type":"PropertyValueSpecification","valueRequired":true,"valueName":"search_term_string"}}],"inLanguage":"de"}]}},"_links":{"self":[{"href":"https:\/\/quicktools4p.com\/de\/wp-json\/wp\/v2\/pages\/155","targetHints":{"allow":["GET"]}}],"collection":[{"href":"https:\/\/quicktools4p.com\/de\/wp-json\/wp\/v2\/pages"}],"about":[{"href":"https:\/\/quicktools4p.com\/de\/wp-json\/wp\/v2\/types\/page"}],"author":[{"embeddable":true,"href":"https:\/\/quicktools4p.com\/de\/wp-json\/wp\/v2\/users\/1"}],"replies":[{"embeddable":true,"href":"https:\/\/quicktools4p.com\/de\/wp-json\/wp\/v2\/comments?post=155"}],"version-history":[{"count":1,"href":"https:\/\/quicktools4p.com\/de\/wp-json\/wp\/v2\/pages\/155\/revisions"}],"predecessor-version":[{"id":227,"href":"https:\/\/quicktools4p.com\/de\/wp-json\/wp\/v2\/pages\/155\/revisions\/227"}],"wp:attachment":[{"href":"https:\/\/quicktools4p.com\/de\/wp-json\/wp\/v2\/media?parent=155"}],"curies":[{"name":"wp","href":"https:\/\/api.w.org\/{rel}","templated":true}]}}