{"id":156,"date":"2018-06-26T15:06:13","date_gmt":"2018-06-26T13:06:13","guid":{"rendered":"https:\/\/quicktools4p.com\/\/spuitgieten\/"},"modified":"2018-07-17T13:56:49","modified_gmt":"2018-07-17T11:56:49","slug":"injection-moulding","status":"publish","type":"page","link":"https:\/\/quicktools4p.com\/de\/injection-moulding\/","title":{"rendered":"Spritsguss"},"content":{"rendered":"<p>Um den niedrigsten Aufwand sicherstellen zu k\u00f6nnen, l\u00e4uft die Serienfertigung ohne Personal. Das gilt f\u00fcr jede Massenfertigung, sowohl der kleinsten Serien als auch der hochkomplexen Teile.<\/p>\n<h3>Liefermengen<\/h3>\n<p>Liefermengen ab 10 bis zu 100.000 St\u00fcck pro Jahr. Auch einmalige Sonderprojekte f\u00fcr 100K bis zu 1000K oder mehr.<\/p>\n<h3>Abmessungen<\/h3>\n<p>Volumen pro Anwendung ab 0,5 cm\u00b3 bis 320 cm\u00b3.<\/p>\n<h3>Werkstoffe<\/h3>\n<ul>\n<li>Verarbeitung aller beliebter Materialien (PE, PP, PS, ABS, Pa6 ,Pa6.6, TPE, PC, POM, \u2026) und allerr<\/li>\n<li>Hochleistungswerkstoffe (PEI, PPS, PEEK, \u2026).<\/li>\n<li>Wir verarbeiten weder Silikone noch Duroplaste.<\/li>\n<li>Zur Verf\u00fcgung stehende Trockner: Trockene Luft, hei\u00dfe Luft und Vakuumtrockner.<\/li>\n<\/ul>\n","protected":false},"excerpt":{"rendered":"<p>Um den niedrigsten Aufwand sicherstellen zu k\u00f6nnen, l\u00e4uft die Serienfertigung ohne Personal. Das gilt f\u00fcr jede Massenfertigung, sowohl der kleinsten Serien als auch der hochkomplexen Teile. Liefermengen Liefermengen ab 10 bis zu 100.000 St\u00fcck pro Jahr. Auch einmalige Sonderprojekte f\u00fcr 100K bis zu 1000K oder mehr. Abmessungen Volumen pro Anwendung ab 0,5 cm\u00b3 bis 320 [&hellip;]<\/p>\n","protected":false},"author":1,"featured_media":0,"parent":0,"menu_order":9,"comment_status":"closed","ping_status":"closed","template":"template_text.php","meta":{"_acf_changed":false,"footnotes":""},"class_list":["post-156","page","type-page","status-publish","hentry"],"acf":[],"yoast_head":"<!-- This site is optimized with the Yoast SEO plugin v25.7 - https:\/\/yoast.com\/wordpress\/plugins\/seo\/ -->\n<title>Spritsguss - Quick Tools<\/title>\n<meta name=\"robots\" content=\"index, follow, max-snippet:-1, max-image-preview:large, max-video-preview:-1\" \/>\n<link rel=\"canonical\" href=\"https:\/\/quicktools4p.com\/de\/injection-moulding\/\" \/>\n<meta property=\"og:locale\" content=\"de_DE\" \/>\n<meta property=\"og:type\" content=\"article\" \/>\n<meta property=\"og:title\" content=\"Spritsguss - Quick Tools\" \/>\n<meta property=\"og:description\" content=\"Um den niedrigsten Aufwand sicherstellen zu k\u00f6nnen, l\u00e4uft die Serienfertigung ohne Personal. Das gilt f\u00fcr jede Massenfertigung, sowohl der kleinsten Serien als auch der hochkomplexen Teile. Liefermengen Liefermengen ab 10 bis zu 100.000 St\u00fcck pro Jahr. Auch einmalige Sonderprojekte f\u00fcr 100K bis zu 1000K oder mehr. Abmessungen Volumen pro Anwendung ab 0,5 cm\u00b3 bis 320 [&hellip;]\" \/>\n<meta property=\"og:url\" content=\"https:\/\/quicktools4p.com\/de\/injection-moulding\/\" \/>\n<meta property=\"og:site_name\" content=\"Quick Tools\" \/>\n<meta property=\"article:modified_time\" content=\"2018-07-17T11:56:49+00:00\" \/>\n<meta name=\"twitter:card\" content=\"summary_large_image\" \/>\n<script type=\"application\/ld+json\" class=\"yoast-schema-graph\">{\"@context\":\"https:\/\/schema.org\",\"@graph\":[{\"@type\":\"WebPage\",\"@id\":\"https:\/\/quicktools4p.com\/de\/injection-moulding\/\",\"url\":\"https:\/\/quicktools4p.com\/de\/injection-moulding\/\",\"name\":\"Spritsguss - Quick Tools\",\"isPartOf\":{\"@id\":\"https:\/\/quicktools4p.com\/#website\"},\"datePublished\":\"2018-06-26T13:06:13+00:00\",\"dateModified\":\"2018-07-17T11:56:49+00:00\",\"breadcrumb\":{\"@id\":\"https:\/\/quicktools4p.com\/de\/injection-moulding\/#breadcrumb\"},\"inLanguage\":\"de\",\"potentialAction\":[{\"@type\":\"ReadAction\",\"target\":[\"https:\/\/quicktools4p.com\/de\/injection-moulding\/\"]}]},{\"@type\":\"BreadcrumbList\",\"@id\":\"https:\/\/quicktools4p.com\/de\/injection-moulding\/#breadcrumb\",\"itemListElement\":[{\"@type\":\"ListItem\",\"position\":1,\"name\":\"Home\",\"item\":\"https:\/\/quicktools4p.com\/de\/\"},{\"@type\":\"ListItem\",\"position\":2,\"name\":\"Spritsguss\"}]},{\"@type\":\"WebSite\",\"@id\":\"https:\/\/quicktools4p.com\/#website\",\"url\":\"https:\/\/quicktools4p.com\/\",\"name\":\"Quick Tools\",\"description\":\"\",\"potentialAction\":[{\"@type\":\"SearchAction\",\"target\":{\"@type\":\"EntryPoint\",\"urlTemplate\":\"https:\/\/quicktools4p.com\/?s={search_term_string}\"},\"query-input\":{\"@type\":\"PropertyValueSpecification\",\"valueRequired\":true,\"valueName\":\"search_term_string\"}}],\"inLanguage\":\"de\"}]}<\/script>\n<!-- \/ Yoast SEO plugin. -->","yoast_head_json":{"title":"Spritsguss - Quick Tools","robots":{"index":"index","follow":"follow","max-snippet":"max-snippet:-1","max-image-preview":"max-image-preview:large","max-video-preview":"max-video-preview:-1"},"canonical":"https:\/\/quicktools4p.com\/de\/injection-moulding\/","og_locale":"de_DE","og_type":"article","og_title":"Spritsguss - Quick Tools","og_description":"Um den niedrigsten Aufwand sicherstellen zu k\u00f6nnen, l\u00e4uft die Serienfertigung ohne Personal. Das gilt f\u00fcr jede Massenfertigung, sowohl der kleinsten Serien als auch der hochkomplexen Teile. Liefermengen Liefermengen ab 10 bis zu 100.000 St\u00fcck pro Jahr. Auch einmalige Sonderprojekte f\u00fcr 100K bis zu 1000K oder mehr. Abmessungen Volumen pro Anwendung ab 0,5 cm\u00b3 bis 320 [&hellip;]","og_url":"https:\/\/quicktools4p.com\/de\/injection-moulding\/","og_site_name":"Quick Tools","article_modified_time":"2018-07-17T11:56:49+00:00","twitter_card":"summary_large_image","schema":{"@context":"https:\/\/schema.org","@graph":[{"@type":"WebPage","@id":"https:\/\/quicktools4p.com\/de\/injection-moulding\/","url":"https:\/\/quicktools4p.com\/de\/injection-moulding\/","name":"Spritsguss - Quick Tools","isPartOf":{"@id":"https:\/\/quicktools4p.com\/#website"},"datePublished":"2018-06-26T13:06:13+00:00","dateModified":"2018-07-17T11:56:49+00:00","breadcrumb":{"@id":"https:\/\/quicktools4p.com\/de\/injection-moulding\/#breadcrumb"},"inLanguage":"de","potentialAction":[{"@type":"ReadAction","target":["https:\/\/quicktools4p.com\/de\/injection-moulding\/"]}]},{"@type":"BreadcrumbList","@id":"https:\/\/quicktools4p.com\/de\/injection-moulding\/#breadcrumb","itemListElement":[{"@type":"ListItem","position":1,"name":"Home","item":"https:\/\/quicktools4p.com\/de\/"},{"@type":"ListItem","position":2,"name":"Spritsguss"}]},{"@type":"WebSite","@id":"https:\/\/quicktools4p.com\/#website","url":"https:\/\/quicktools4p.com\/","name":"Quick Tools","description":"","potentialAction":[{"@type":"SearchAction","target":{"@type":"EntryPoint","urlTemplate":"https:\/\/quicktools4p.com\/?s={search_term_string}"},"query-input":{"@type":"PropertyValueSpecification","valueRequired":true,"valueName":"search_term_string"}}],"inLanguage":"de"}]}},"_links":{"self":[{"href":"https:\/\/quicktools4p.com\/de\/wp-json\/wp\/v2\/pages\/156","targetHints":{"allow":["GET"]}}],"collection":[{"href":"https:\/\/quicktools4p.com\/de\/wp-json\/wp\/v2\/pages"}],"about":[{"href":"https:\/\/quicktools4p.com\/de\/wp-json\/wp\/v2\/types\/page"}],"author":[{"embeddable":true,"href":"https:\/\/quicktools4p.com\/de\/wp-json\/wp\/v2\/users\/1"}],"replies":[{"embeddable":true,"href":"https:\/\/quicktools4p.com\/de\/wp-json\/wp\/v2\/comments?post=156"}],"version-history":[{"count":2,"href":"https:\/\/quicktools4p.com\/de\/wp-json\/wp\/v2\/pages\/156\/revisions"}],"predecessor-version":[{"id":232,"href":"https:\/\/quicktools4p.com\/de\/wp-json\/wp\/v2\/pages\/156\/revisions\/232"}],"wp:attachment":[{"href":"https:\/\/quicktools4p.com\/de\/wp-json\/wp\/v2\/media?parent=156"}],"curies":[{"name":"wp","href":"https:\/\/api.w.org\/{rel}","templated":true}]}}