{"id":157,"date":"2018-06-26T15:06:11","date_gmt":"2018-06-26T13:06:11","guid":{"rendered":"https:\/\/quicktools4p.com\/\/secondary-operations\/"},"modified":"2018-07-17T14:10:43","modified_gmt":"2018-07-17T12:10:43","slug":"secondary-operations","status":"publish","type":"page","link":"https:\/\/quicktools4p.com\/de\/secondary-operations\/","title":{"rendered":"Nachbearbeitungen"},"content":{"rendered":"<h3>QuickTools kann zus\u00e4tzliche Nacharbeiten \u00fcbernehmen, zum Beispiel :<\/h3>\n<ul>\n<li>Bedrucken<\/li>\n<li>Lackieren<\/li>\n<li>Chrombeschichtung<\/li>\n<li>Montieren<\/li>\n<li>Kleben<\/li>\n<li>Kundenspezifische Einpackvorg\u00e4nge<\/li>\n<li>Verkaufsfertige Verpackung<\/li>\n<\/ul>\n","protected":false},"excerpt":{"rendered":"<p>QuickTools kann zus\u00e4tzliche Nacharbeiten \u00fcbernehmen, zum Beispiel : Bedrucken Lackieren Chrombeschichtung Montieren Kleben Kundenspezifische Einpackvorg\u00e4nge Verkaufsfertige Verpackung<\/p>\n","protected":false},"author":1,"featured_media":0,"parent":0,"menu_order":11,"comment_status":"closed","ping_status":"closed","template":"template_text.php","meta":{"_acf_changed":false,"footnotes":""},"class_list":["post-157","page","type-page","status-publish","hentry"],"acf":[],"yoast_head":"<!-- This site is optimized with the Yoast SEO plugin v25.7 - https:\/\/yoast.com\/wordpress\/plugins\/seo\/ -->\n<title>Nachbearbeitungen - Quick Tools<\/title>\n<meta name=\"robots\" content=\"index, follow, max-snippet:-1, max-image-preview:large, max-video-preview:-1\" \/>\n<link rel=\"canonical\" href=\"https:\/\/quicktools4p.com\/de\/secondary-operations\/\" \/>\n<meta property=\"og:locale\" content=\"de_DE\" \/>\n<meta property=\"og:type\" content=\"article\" \/>\n<meta property=\"og:title\" content=\"Nachbearbeitungen - Quick Tools\" \/>\n<meta property=\"og:description\" content=\"QuickTools kann zus\u00e4tzliche Nacharbeiten \u00fcbernehmen, zum Beispiel : Bedrucken Lackieren Chrombeschichtung Montieren Kleben Kundenspezifische Einpackvorg\u00e4nge Verkaufsfertige Verpackung\" \/>\n<meta property=\"og:url\" content=\"https:\/\/quicktools4p.com\/de\/secondary-operations\/\" \/>\n<meta property=\"og:site_name\" content=\"Quick Tools\" \/>\n<meta property=\"article:modified_time\" content=\"2018-07-17T12:10:43+00:00\" \/>\n<meta name=\"twitter:card\" content=\"summary_large_image\" \/>\n<script type=\"application\/ld+json\" class=\"yoast-schema-graph\">{\"@context\":\"https:\/\/schema.org\",\"@graph\":[{\"@type\":\"WebPage\",\"@id\":\"https:\/\/quicktools4p.com\/de\/secondary-operations\/\",\"url\":\"https:\/\/quicktools4p.com\/de\/secondary-operations\/\",\"name\":\"Nachbearbeitungen - Quick Tools\",\"isPartOf\":{\"@id\":\"https:\/\/quicktools4p.com\/#website\"},\"datePublished\":\"2018-06-26T13:06:11+00:00\",\"dateModified\":\"2018-07-17T12:10:43+00:00\",\"breadcrumb\":{\"@id\":\"https:\/\/quicktools4p.com\/de\/secondary-operations\/#breadcrumb\"},\"inLanguage\":\"de\",\"potentialAction\":[{\"@type\":\"ReadAction\",\"target\":[\"https:\/\/quicktools4p.com\/de\/secondary-operations\/\"]}]},{\"@type\":\"BreadcrumbList\",\"@id\":\"https:\/\/quicktools4p.com\/de\/secondary-operations\/#breadcrumb\",\"itemListElement\":[{\"@type\":\"ListItem\",\"position\":1,\"name\":\"Home\",\"item\":\"https:\/\/quicktools4p.com\/de\/\"},{\"@type\":\"ListItem\",\"position\":2,\"name\":\"Nachbearbeitungen\"}]},{\"@type\":\"WebSite\",\"@id\":\"https:\/\/quicktools4p.com\/#website\",\"url\":\"https:\/\/quicktools4p.com\/\",\"name\":\"Quick Tools\",\"description\":\"\",\"potentialAction\":[{\"@type\":\"SearchAction\",\"target\":{\"@type\":\"EntryPoint\",\"urlTemplate\":\"https:\/\/quicktools4p.com\/?s={search_term_string}\"},\"query-input\":{\"@type\":\"PropertyValueSpecification\",\"valueRequired\":true,\"valueName\":\"search_term_string\"}}],\"inLanguage\":\"de\"}]}<\/script>\n<!-- \/ Yoast SEO plugin. -->","yoast_head_json":{"title":"Nachbearbeitungen - Quick Tools","robots":{"index":"index","follow":"follow","max-snippet":"max-snippet:-1","max-image-preview":"max-image-preview:large","max-video-preview":"max-video-preview:-1"},"canonical":"https:\/\/quicktools4p.com\/de\/secondary-operations\/","og_locale":"de_DE","og_type":"article","og_title":"Nachbearbeitungen - Quick Tools","og_description":"QuickTools kann zus\u00e4tzliche Nacharbeiten \u00fcbernehmen, zum Beispiel : Bedrucken Lackieren Chrombeschichtung Montieren Kleben Kundenspezifische Einpackvorg\u00e4nge Verkaufsfertige Verpackung","og_url":"https:\/\/quicktools4p.com\/de\/secondary-operations\/","og_site_name":"Quick Tools","article_modified_time":"2018-07-17T12:10:43+00:00","twitter_card":"summary_large_image","schema":{"@context":"https:\/\/schema.org","@graph":[{"@type":"WebPage","@id":"https:\/\/quicktools4p.com\/de\/secondary-operations\/","url":"https:\/\/quicktools4p.com\/de\/secondary-operations\/","name":"Nachbearbeitungen - Quick Tools","isPartOf":{"@id":"https:\/\/quicktools4p.com\/#website"},"datePublished":"2018-06-26T13:06:11+00:00","dateModified":"2018-07-17T12:10:43+00:00","breadcrumb":{"@id":"https:\/\/quicktools4p.com\/de\/secondary-operations\/#breadcrumb"},"inLanguage":"de","potentialAction":[{"@type":"ReadAction","target":["https:\/\/quicktools4p.com\/de\/secondary-operations\/"]}]},{"@type":"BreadcrumbList","@id":"https:\/\/quicktools4p.com\/de\/secondary-operations\/#breadcrumb","itemListElement":[{"@type":"ListItem","position":1,"name":"Home","item":"https:\/\/quicktools4p.com\/de\/"},{"@type":"ListItem","position":2,"name":"Nachbearbeitungen"}]},{"@type":"WebSite","@id":"https:\/\/quicktools4p.com\/#website","url":"https:\/\/quicktools4p.com\/","name":"Quick Tools","description":"","potentialAction":[{"@type":"SearchAction","target":{"@type":"EntryPoint","urlTemplate":"https:\/\/quicktools4p.com\/?s={search_term_string}"},"query-input":{"@type":"PropertyValueSpecification","valueRequired":true,"valueName":"search_term_string"}}],"inLanguage":"de"}]}},"_links":{"self":[{"href":"https:\/\/quicktools4p.com\/de\/wp-json\/wp\/v2\/pages\/157","targetHints":{"allow":["GET"]}}],"collection":[{"href":"https:\/\/quicktools4p.com\/de\/wp-json\/wp\/v2\/pages"}],"about":[{"href":"https:\/\/quicktools4p.com\/de\/wp-json\/wp\/v2\/types\/page"}],"author":[{"embeddable":true,"href":"https:\/\/quicktools4p.com\/de\/wp-json\/wp\/v2\/users\/1"}],"replies":[{"embeddable":true,"href":"https:\/\/quicktools4p.com\/de\/wp-json\/wp\/v2\/comments?post=157"}],"version-history":[{"count":1,"href":"https:\/\/quicktools4p.com\/de\/wp-json\/wp\/v2\/pages\/157\/revisions"}],"predecessor-version":[{"id":233,"href":"https:\/\/quicktools4p.com\/de\/wp-json\/wp\/v2\/pages\/157\/revisions\/233"}],"wp:attachment":[{"href":"https:\/\/quicktools4p.com\/de\/wp-json\/wp\/v2\/media?parent=157"}],"curies":[{"name":"wp","href":"https:\/\/api.w.org\/{rel}","templated":true}]}}