{"id":158,"date":"2018-06-26T15:00:26","date_gmt":"2018-06-26T13:00:26","guid":{"rendered":"https:\/\/quicktools4p.com\/\/quality-assurance-iso\/"},"modified":"2018-07-17T14:10:46","modified_gmt":"2018-07-17T12:10:46","slug":"quality-assurance-iso","status":"publish","type":"page","link":"https:\/\/quicktools4p.com\/de\/quality-assurance-iso\/","title":{"rendered":"Qualitatssicherung und zertifizierung"},"content":{"rendered":"<p>Qualit\u00e4tssicherung bedeutet, die Kundenw\u00fcnsche von der Ideenfindung bis zur Lieferung des letzten Ersatzteils umzusetzen.<\/p>\n<h3>DIN &amp; ISO 9001 : 2015 zertifiziert f\u00fcr :<\/h3>\n<ul>\n<li>Teil- &amp; Prozessentwicklung<\/li>\n<li>Werkzeugbau<\/li>\n<li>Spritzguss<\/li>\n<li>ISO 9001 Zertifikat herunterladen<\/li>\n<\/ul>\n<h3>Teilegenehmigung:<\/h3>\n<p>Erstmuster Pr\u00fcfbericht nach PPAP. Alle Anforderungen werden genau gepr\u00fcft und kontrolliert, unabh\u00e4ngig davon, ob der Auftrag 50 oder 500.000 Teile umfasst.<\/p>\n<h3>Messm\u00f6glichkeiten<\/h3>\n<ul>\n<li>Optisch<\/li>\n<li>CMM<\/li>\n<li>&lt; 0.010 mm<\/li>\n<li>Reverse Engineering<\/li>\n<li>2.5D-Scannen<\/li>\n<\/ul>\n<h3>Test- und Pr\u00fcfm\u00f6glichkeiten<\/h3>\n<p>Bestimmte erforderliche Funktionen k\u00f6nnen nicht \u00fcberwacht werden mittels Ma\u00dfkontrolle, z.B. thermische Stabilit\u00e4t oder Verformung unter Last. Auch diese Eigenschaften k\u00f6nnen bei uns \u00fcberwacht werden.<\/p>\n","protected":false},"excerpt":{"rendered":"<p>Qualit\u00e4tssicherung bedeutet, die Kundenw\u00fcnsche von der Ideenfindung bis zur Lieferung des letzten Ersatzteils umzusetzen. DIN &amp; ISO 9001 : 2015 zertifiziert f\u00fcr : Teil- &amp; Prozessentwicklung Werkzeugbau Spritzguss ISO 9001 Zertifikat herunterladen Teilegenehmigung: Erstmuster Pr\u00fcfbericht nach PPAP. Alle Anforderungen werden genau gepr\u00fcft und kontrolliert, unabh\u00e4ngig davon, ob der Auftrag 50 oder 500.000 Teile umfasst. Messm\u00f6glichkeiten [&hellip;]<\/p>\n","protected":false},"author":1,"featured_media":0,"parent":0,"menu_order":13,"comment_status":"closed","ping_status":"closed","template":"template_text.php","meta":{"_acf_changed":false,"footnotes":""},"class_list":["post-158","page","type-page","status-publish","hentry"],"acf":[],"yoast_head":"<!-- This site is optimized with the Yoast SEO plugin v25.7 - https:\/\/yoast.com\/wordpress\/plugins\/seo\/ -->\n<title>Qualitatssicherung und zertifizierung - Quick Tools<\/title>\n<meta name=\"robots\" content=\"index, follow, max-snippet:-1, max-image-preview:large, max-video-preview:-1\" \/>\n<link rel=\"canonical\" href=\"https:\/\/quicktools4p.com\/de\/quality-assurance-iso\/\" \/>\n<meta property=\"og:locale\" content=\"de_DE\" \/>\n<meta property=\"og:type\" content=\"article\" \/>\n<meta property=\"og:title\" content=\"Qualitatssicherung und zertifizierung - Quick Tools\" \/>\n<meta property=\"og:description\" content=\"Qualit\u00e4tssicherung bedeutet, die Kundenw\u00fcnsche von der Ideenfindung bis zur Lieferung des letzten Ersatzteils umzusetzen. DIN &amp; ISO 9001 : 2015 zertifiziert f\u00fcr : Teil- &amp; Prozessentwicklung Werkzeugbau Spritzguss ISO 9001 Zertifikat herunterladen Teilegenehmigung: Erstmuster Pr\u00fcfbericht nach PPAP. Alle Anforderungen werden genau gepr\u00fcft und kontrolliert, unabh\u00e4ngig davon, ob der Auftrag 50 oder 500.000 Teile umfasst. Messm\u00f6glichkeiten [&hellip;]\" \/>\n<meta property=\"og:url\" content=\"https:\/\/quicktools4p.com\/de\/quality-assurance-iso\/\" \/>\n<meta property=\"og:site_name\" content=\"Quick Tools\" \/>\n<meta property=\"article:modified_time\" content=\"2018-07-17T12:10:46+00:00\" \/>\n<meta name=\"twitter:card\" content=\"summary_large_image\" \/>\n<script type=\"application\/ld+json\" class=\"yoast-schema-graph\">{\"@context\":\"https:\/\/schema.org\",\"@graph\":[{\"@type\":\"WebPage\",\"@id\":\"https:\/\/quicktools4p.com\/de\/quality-assurance-iso\/\",\"url\":\"https:\/\/quicktools4p.com\/de\/quality-assurance-iso\/\",\"name\":\"Qualitatssicherung und zertifizierung - Quick Tools\",\"isPartOf\":{\"@id\":\"https:\/\/quicktools4p.com\/#website\"},\"datePublished\":\"2018-06-26T13:00:26+00:00\",\"dateModified\":\"2018-07-17T12:10:46+00:00\",\"breadcrumb\":{\"@id\":\"https:\/\/quicktools4p.com\/de\/quality-assurance-iso\/#breadcrumb\"},\"inLanguage\":\"de\",\"potentialAction\":[{\"@type\":\"ReadAction\",\"target\":[\"https:\/\/quicktools4p.com\/de\/quality-assurance-iso\/\"]}]},{\"@type\":\"BreadcrumbList\",\"@id\":\"https:\/\/quicktools4p.com\/de\/quality-assurance-iso\/#breadcrumb\",\"itemListElement\":[{\"@type\":\"ListItem\",\"position\":1,\"name\":\"Home\",\"item\":\"https:\/\/quicktools4p.com\/de\/\"},{\"@type\":\"ListItem\",\"position\":2,\"name\":\"Qualitatssicherung und zertifizierung\"}]},{\"@type\":\"WebSite\",\"@id\":\"https:\/\/quicktools4p.com\/#website\",\"url\":\"https:\/\/quicktools4p.com\/\",\"name\":\"Quick Tools\",\"description\":\"\",\"potentialAction\":[{\"@type\":\"SearchAction\",\"target\":{\"@type\":\"EntryPoint\",\"urlTemplate\":\"https:\/\/quicktools4p.com\/?s={search_term_string}\"},\"query-input\":{\"@type\":\"PropertyValueSpecification\",\"valueRequired\":true,\"valueName\":\"search_term_string\"}}],\"inLanguage\":\"de\"}]}<\/script>\n<!-- \/ Yoast SEO plugin. -->","yoast_head_json":{"title":"Qualitatssicherung und zertifizierung - Quick Tools","robots":{"index":"index","follow":"follow","max-snippet":"max-snippet:-1","max-image-preview":"max-image-preview:large","max-video-preview":"max-video-preview:-1"},"canonical":"https:\/\/quicktools4p.com\/de\/quality-assurance-iso\/","og_locale":"de_DE","og_type":"article","og_title":"Qualitatssicherung und zertifizierung - Quick Tools","og_description":"Qualit\u00e4tssicherung bedeutet, die Kundenw\u00fcnsche von der Ideenfindung bis zur Lieferung des letzten Ersatzteils umzusetzen. DIN &amp; ISO 9001 : 2015 zertifiziert f\u00fcr : Teil- &amp; Prozessentwicklung Werkzeugbau Spritzguss ISO 9001 Zertifikat herunterladen Teilegenehmigung: Erstmuster Pr\u00fcfbericht nach PPAP. Alle Anforderungen werden genau gepr\u00fcft und kontrolliert, unabh\u00e4ngig davon, ob der Auftrag 50 oder 500.000 Teile umfasst. Messm\u00f6glichkeiten [&hellip;]","og_url":"https:\/\/quicktools4p.com\/de\/quality-assurance-iso\/","og_site_name":"Quick Tools","article_modified_time":"2018-07-17T12:10:46+00:00","twitter_card":"summary_large_image","schema":{"@context":"https:\/\/schema.org","@graph":[{"@type":"WebPage","@id":"https:\/\/quicktools4p.com\/de\/quality-assurance-iso\/","url":"https:\/\/quicktools4p.com\/de\/quality-assurance-iso\/","name":"Qualitatssicherung und zertifizierung - Quick Tools","isPartOf":{"@id":"https:\/\/quicktools4p.com\/#website"},"datePublished":"2018-06-26T13:00:26+00:00","dateModified":"2018-07-17T12:10:46+00:00","breadcrumb":{"@id":"https:\/\/quicktools4p.com\/de\/quality-assurance-iso\/#breadcrumb"},"inLanguage":"de","potentialAction":[{"@type":"ReadAction","target":["https:\/\/quicktools4p.com\/de\/quality-assurance-iso\/"]}]},{"@type":"BreadcrumbList","@id":"https:\/\/quicktools4p.com\/de\/quality-assurance-iso\/#breadcrumb","itemListElement":[{"@type":"ListItem","position":1,"name":"Home","item":"https:\/\/quicktools4p.com\/de\/"},{"@type":"ListItem","position":2,"name":"Qualitatssicherung und zertifizierung"}]},{"@type":"WebSite","@id":"https:\/\/quicktools4p.com\/#website","url":"https:\/\/quicktools4p.com\/","name":"Quick Tools","description":"","potentialAction":[{"@type":"SearchAction","target":{"@type":"EntryPoint","urlTemplate":"https:\/\/quicktools4p.com\/?s={search_term_string}"},"query-input":{"@type":"PropertyValueSpecification","valueRequired":true,"valueName":"search_term_string"}}],"inLanguage":"de"}]}},"_links":{"self":[{"href":"https:\/\/quicktools4p.com\/de\/wp-json\/wp\/v2\/pages\/158","targetHints":{"allow":["GET"]}}],"collection":[{"href":"https:\/\/quicktools4p.com\/de\/wp-json\/wp\/v2\/pages"}],"about":[{"href":"https:\/\/quicktools4p.com\/de\/wp-json\/wp\/v2\/types\/page"}],"author":[{"embeddable":true,"href":"https:\/\/quicktools4p.com\/de\/wp-json\/wp\/v2\/users\/1"}],"replies":[{"embeddable":true,"href":"https:\/\/quicktools4p.com\/de\/wp-json\/wp\/v2\/comments?post=158"}],"version-history":[{"count":1,"href":"https:\/\/quicktools4p.com\/de\/wp-json\/wp\/v2\/pages\/158\/revisions"}],"predecessor-version":[{"id":235,"href":"https:\/\/quicktools4p.com\/de\/wp-json\/wp\/v2\/pages\/158\/revisions\/235"}],"wp:attachment":[{"href":"https:\/\/quicktools4p.com\/de\/wp-json\/wp\/v2\/media?parent=158"}],"curies":[{"name":"wp","href":"https:\/\/api.w.org\/{rel}","templated":true}]}}