{"id":159,"date":"2018-06-26T15:06:08","date_gmt":"2018-06-26T13:06:08","guid":{"rendered":"https:\/\/quicktools4p.com\/\/logistics\/"},"modified":"2018-07-17T14:20:13","modified_gmt":"2018-07-17T12:20:13","slug":"logistics","status":"publish","type":"page","link":"https:\/\/quicktools4p.com\/de\/logistics\/","title":{"rendered":"Logistik"},"content":{"rendered":"<p>Die Produkte werden gem\u00e4\u00df den Anweisungen und W\u00fcnschen des Kunden weltweit versandt.<br \/>\nDie Planung der Produktion und Lieferung erfolgt in enger Zusammenarbeit mit den Kunden:<\/p>\n<ul>\n<li>Vereinbartes Lieferdatum<\/li>\n<li>Abruf<\/li>\n<li>Kanban<\/li>\n<\/ul>\n<p>Bitte geben Sie die Lieferadresse fr\u00fchzeitig an, Transport ins Ausland kann eine besondere Verpackung erfordern.<\/p>\n<h3>Kostenloser Versand des Erstmusters<\/h3>\n<p>Eine Standard Express-Lieferung ist im Werkzeugpreis enthalten, Sie m\u00fcssen selber nichts tun.<\/p>\n<h3>Freigabe am Ort<\/h3>\n<p>Bitte informieren Sie uns vorab, falls Sie beim Ausprobieren des Werkzeuges anwesend sein m\u00f6chten und gleich im Anschluss fertigen m\u00f6chten. Sie k\u00f6nnen dann auch gleich eine betr\u00e4chtliche Anzahl von Teilen mit nach Hause nehmen.<\/p>\n","protected":false},"excerpt":{"rendered":"<p>Die Produkte werden gem\u00e4\u00df den Anweisungen und W\u00fcnschen des Kunden weltweit versandt. Die Planung der Produktion und Lieferung erfolgt in enger Zusammenarbeit mit den Kunden: Vereinbartes Lieferdatum Abruf Kanban Bitte geben Sie die Lieferadresse fr\u00fchzeitig an, Transport ins Ausland kann eine besondere Verpackung erfordern. Kostenloser Versand des Erstmusters Eine Standard Express-Lieferung ist im Werkzeugpreis enthalten, [&hellip;]<\/p>\n","protected":false},"author":1,"featured_media":0,"parent":0,"menu_order":14,"comment_status":"closed","ping_status":"closed","template":"template_text.php","meta":{"_acf_changed":false,"footnotes":""},"class_list":["post-159","page","type-page","status-publish","hentry"],"acf":[],"yoast_head":"<!-- This site is optimized with the Yoast SEO plugin v25.7 - https:\/\/yoast.com\/wordpress\/plugins\/seo\/ -->\n<title>Logistik - Quick Tools<\/title>\n<meta name=\"robots\" content=\"index, follow, max-snippet:-1, max-image-preview:large, max-video-preview:-1\" \/>\n<link rel=\"canonical\" href=\"https:\/\/quicktools4p.com\/de\/logistics\/\" \/>\n<meta property=\"og:locale\" content=\"de_DE\" \/>\n<meta property=\"og:type\" content=\"article\" \/>\n<meta property=\"og:title\" content=\"Logistik - Quick Tools\" \/>\n<meta property=\"og:description\" content=\"Die Produkte werden gem\u00e4\u00df den Anweisungen und W\u00fcnschen des Kunden weltweit versandt. Die Planung der Produktion und Lieferung erfolgt in enger Zusammenarbeit mit den Kunden: Vereinbartes Lieferdatum Abruf Kanban Bitte geben Sie die Lieferadresse fr\u00fchzeitig an, Transport ins Ausland kann eine besondere Verpackung erfordern. Kostenloser Versand des Erstmusters Eine Standard Express-Lieferung ist im Werkzeugpreis enthalten, [&hellip;]\" \/>\n<meta property=\"og:url\" content=\"https:\/\/quicktools4p.com\/de\/logistics\/\" \/>\n<meta property=\"og:site_name\" content=\"Quick Tools\" \/>\n<meta property=\"article:modified_time\" content=\"2018-07-17T12:20:13+00:00\" \/>\n<meta name=\"twitter:card\" content=\"summary_large_image\" \/>\n<meta name=\"twitter:label1\" content=\"Gesch\u00e4tzte Lesezeit\" \/>\n\t<meta name=\"twitter:data1\" content=\"1\u00a0Minute\" \/>\n<script type=\"application\/ld+json\" class=\"yoast-schema-graph\">{\"@context\":\"https:\/\/schema.org\",\"@graph\":[{\"@type\":\"WebPage\",\"@id\":\"https:\/\/quicktools4p.com\/de\/logistics\/\",\"url\":\"https:\/\/quicktools4p.com\/de\/logistics\/\",\"name\":\"Logistik - Quick Tools\",\"isPartOf\":{\"@id\":\"https:\/\/quicktools4p.com\/#website\"},\"datePublished\":\"2018-06-26T13:06:08+00:00\",\"dateModified\":\"2018-07-17T12:20:13+00:00\",\"breadcrumb\":{\"@id\":\"https:\/\/quicktools4p.com\/de\/logistics\/#breadcrumb\"},\"inLanguage\":\"de\",\"potentialAction\":[{\"@type\":\"ReadAction\",\"target\":[\"https:\/\/quicktools4p.com\/de\/logistics\/\"]}]},{\"@type\":\"BreadcrumbList\",\"@id\":\"https:\/\/quicktools4p.com\/de\/logistics\/#breadcrumb\",\"itemListElement\":[{\"@type\":\"ListItem\",\"position\":1,\"name\":\"Home\",\"item\":\"https:\/\/quicktools4p.com\/de\/\"},{\"@type\":\"ListItem\",\"position\":2,\"name\":\"Logistik\"}]},{\"@type\":\"WebSite\",\"@id\":\"https:\/\/quicktools4p.com\/#website\",\"url\":\"https:\/\/quicktools4p.com\/\",\"name\":\"Quick Tools\",\"description\":\"\",\"potentialAction\":[{\"@type\":\"SearchAction\",\"target\":{\"@type\":\"EntryPoint\",\"urlTemplate\":\"https:\/\/quicktools4p.com\/?s={search_term_string}\"},\"query-input\":{\"@type\":\"PropertyValueSpecification\",\"valueRequired\":true,\"valueName\":\"search_term_string\"}}],\"inLanguage\":\"de\"}]}<\/script>\n<!-- \/ Yoast SEO plugin. -->","yoast_head_json":{"title":"Logistik - Quick Tools","robots":{"index":"index","follow":"follow","max-snippet":"max-snippet:-1","max-image-preview":"max-image-preview:large","max-video-preview":"max-video-preview:-1"},"canonical":"https:\/\/quicktools4p.com\/de\/logistics\/","og_locale":"de_DE","og_type":"article","og_title":"Logistik - Quick Tools","og_description":"Die Produkte werden gem\u00e4\u00df den Anweisungen und W\u00fcnschen des Kunden weltweit versandt. Die Planung der Produktion und Lieferung erfolgt in enger Zusammenarbeit mit den Kunden: Vereinbartes Lieferdatum Abruf Kanban Bitte geben Sie die Lieferadresse fr\u00fchzeitig an, Transport ins Ausland kann eine besondere Verpackung erfordern. Kostenloser Versand des Erstmusters Eine Standard Express-Lieferung ist im Werkzeugpreis enthalten, [&hellip;]","og_url":"https:\/\/quicktools4p.com\/de\/logistics\/","og_site_name":"Quick Tools","article_modified_time":"2018-07-17T12:20:13+00:00","twitter_card":"summary_large_image","twitter_misc":{"Gesch\u00e4tzte Lesezeit":"1\u00a0Minute"},"schema":{"@context":"https:\/\/schema.org","@graph":[{"@type":"WebPage","@id":"https:\/\/quicktools4p.com\/de\/logistics\/","url":"https:\/\/quicktools4p.com\/de\/logistics\/","name":"Logistik - Quick Tools","isPartOf":{"@id":"https:\/\/quicktools4p.com\/#website"},"datePublished":"2018-06-26T13:06:08+00:00","dateModified":"2018-07-17T12:20:13+00:00","breadcrumb":{"@id":"https:\/\/quicktools4p.com\/de\/logistics\/#breadcrumb"},"inLanguage":"de","potentialAction":[{"@type":"ReadAction","target":["https:\/\/quicktools4p.com\/de\/logistics\/"]}]},{"@type":"BreadcrumbList","@id":"https:\/\/quicktools4p.com\/de\/logistics\/#breadcrumb","itemListElement":[{"@type":"ListItem","position":1,"name":"Home","item":"https:\/\/quicktools4p.com\/de\/"},{"@type":"ListItem","position":2,"name":"Logistik"}]},{"@type":"WebSite","@id":"https:\/\/quicktools4p.com\/#website","url":"https:\/\/quicktools4p.com\/","name":"Quick Tools","description":"","potentialAction":[{"@type":"SearchAction","target":{"@type":"EntryPoint","urlTemplate":"https:\/\/quicktools4p.com\/?s={search_term_string}"},"query-input":{"@type":"PropertyValueSpecification","valueRequired":true,"valueName":"search_term_string"}}],"inLanguage":"de"}]}},"_links":{"self":[{"href":"https:\/\/quicktools4p.com\/de\/wp-json\/wp\/v2\/pages\/159","targetHints":{"allow":["GET"]}}],"collection":[{"href":"https:\/\/quicktools4p.com\/de\/wp-json\/wp\/v2\/pages"}],"about":[{"href":"https:\/\/quicktools4p.com\/de\/wp-json\/wp\/v2\/types\/page"}],"author":[{"embeddable":true,"href":"https:\/\/quicktools4p.com\/de\/wp-json\/wp\/v2\/users\/1"}],"replies":[{"embeddable":true,"href":"https:\/\/quicktools4p.com\/de\/wp-json\/wp\/v2\/comments?post=159"}],"version-history":[{"count":1,"href":"https:\/\/quicktools4p.com\/de\/wp-json\/wp\/v2\/pages\/159\/revisions"}],"predecessor-version":[{"id":238,"href":"https:\/\/quicktools4p.com\/de\/wp-json\/wp\/v2\/pages\/159\/revisions\/238"}],"wp:attachment":[{"href":"https:\/\/quicktools4p.com\/de\/wp-json\/wp\/v2\/media?parent=159"}],"curies":[{"name":"wp","href":"https:\/\/api.w.org\/{rel}","templated":true}]}}