{"id":163,"date":"2018-06-26T15:06:04","date_gmt":"2018-06-26T13:06:04","guid":{"rendered":"https:\/\/quicktools4p.com\/\/your-benefits\/"},"modified":"2018-07-17T14:35:18","modified_gmt":"2018-07-17T12:35:18","slug":"your-benefits","status":"publish","type":"page","link":"https:\/\/quicktools4p.com\/de\/your-benefits\/","title":{"rendered":"Ihre vorteile"},"content":{"rendered":"<p>Die optimalen Ergebnisse k\u00f6nnen nur dank ausgezeichneten Fachwissens und perfekter Projektbeherrschung innerhalb k\u00fcrzester Durchlaufzeiten verwirklicht werden.<\/p>\n<h3>Zeit<\/h3>\n<ul>\n<li>Ihre Produkte bekommen Sie mit einem au\u00dfergew\u00f6hnlichen Sonderbonus, n\u00e4mlich Zeit.<\/li>\n<li>Manchmal ist die Umlaufzeit schneller als bei allen anderen Prozessen.<\/li>\n<li>Unsere Kunden geraten niemals in Zeitnot.<\/li>\n<li>Ihre Mannschaft arbeitet viel rationeller: Keine Wartezeiten zwischen Freigabe des Designs, Erstmuster und Freigabe.<\/li>\n<li>Ihre Wettbewerber brauchen Jahre, um verschiedene Korrekturschliffe oder Generationen umzusetzen, w\u00e4hrend QuickTools dies f\u00fcr Sie in Wochen oder sogar in einigen Tagen erledigt.<\/li>\n<li>Ein einziger Ansprechpartner: Entwicklung + Werkzeugbau + Spritzguss im gleichen Haus: schneller Lernprozess.<\/li>\n<li>M\u00f6glichkeit einer sehr steilen Anlaufkurve.<\/li>\n<\/ul>\n<p>Bei einer gr\u00f6\u00dferen Abnahme ist es \u00fcblich, 8 bis 16fache Werkzeuge zu beauftragen, diese stehen erst nach 6 bis 9 Monaten zur Verf\u00fcgung.<\/p>\n<p>Bei QuickTools dagegen werden 4 unterschiedliche Vierfachwerkzeuge nacheinander gefertigt, wobei die Massenfertigung schon nach Wochen hochl\u00e4uft.<\/p>\n<h3>Qualit\u00e4t<\/h3>\n<ul>\n<li>Die Werkzeuge sind vollautomatisch gefertigt mit extrem kleinen Abweichungen.<\/li>\n<li>Auch Kleinstmengen bieten dieselbe Qualit\u00e4t wie die Massenware.<\/li>\n<li>Es ist bekannt, dass die Anlaufserien bei QuickTools die Qualit\u00e4tsnorm f\u00fcr die sp\u00e4tere Serienfertigung bilden.<\/li>\n<\/ul>\n","protected":false},"excerpt":{"rendered":"<p>Die optimalen Ergebnisse k\u00f6nnen nur dank ausgezeichneten Fachwissens und perfekter Projektbeherrschung innerhalb k\u00fcrzester Durchlaufzeiten verwirklicht werden. Zeit Ihre Produkte bekommen Sie mit einem au\u00dfergew\u00f6hnlichen Sonderbonus, n\u00e4mlich Zeit. Manchmal ist die Umlaufzeit schneller als bei allen anderen Prozessen. Unsere Kunden geraten niemals in Zeitnot. Ihre Mannschaft arbeitet viel rationeller: Keine Wartezeiten zwischen Freigabe des Designs, Erstmuster [&hellip;]<\/p>\n","protected":false},"author":1,"featured_media":0,"parent":0,"menu_order":23,"comment_status":"closed","ping_status":"closed","template":"template_text.php","meta":{"_acf_changed":false,"footnotes":""},"class_list":["post-163","page","type-page","status-publish","hentry"],"acf":[],"yoast_head":"<!-- This site is optimized with the Yoast SEO plugin v25.7 - https:\/\/yoast.com\/wordpress\/plugins\/seo\/ -->\n<title>Ihre vorteile - Quick Tools<\/title>\n<meta name=\"robots\" content=\"index, follow, max-snippet:-1, max-image-preview:large, max-video-preview:-1\" \/>\n<link rel=\"canonical\" href=\"https:\/\/quicktools4p.com\/de\/your-benefits\/\" \/>\n<meta property=\"og:locale\" content=\"de_DE\" \/>\n<meta property=\"og:type\" content=\"article\" \/>\n<meta property=\"og:title\" content=\"Ihre vorteile - Quick Tools\" \/>\n<meta property=\"og:description\" content=\"Die optimalen Ergebnisse k\u00f6nnen nur dank ausgezeichneten Fachwissens und perfekter Projektbeherrschung innerhalb k\u00fcrzester Durchlaufzeiten verwirklicht werden. Zeit Ihre Produkte bekommen Sie mit einem au\u00dfergew\u00f6hnlichen Sonderbonus, n\u00e4mlich Zeit. Manchmal ist die Umlaufzeit schneller als bei allen anderen Prozessen. Unsere Kunden geraten niemals in Zeitnot. Ihre Mannschaft arbeitet viel rationeller: Keine Wartezeiten zwischen Freigabe des Designs, Erstmuster [&hellip;]\" \/>\n<meta property=\"og:url\" content=\"https:\/\/quicktools4p.com\/de\/your-benefits\/\" \/>\n<meta property=\"og:site_name\" content=\"Quick Tools\" \/>\n<meta property=\"article:modified_time\" content=\"2018-07-17T12:35:18+00:00\" \/>\n<meta name=\"twitter:card\" content=\"summary_large_image\" \/>\n<meta name=\"twitter:label1\" content=\"Gesch\u00e4tzte Lesezeit\" \/>\n\t<meta name=\"twitter:data1\" content=\"1\u00a0Minute\" \/>\n<script type=\"application\/ld+json\" class=\"yoast-schema-graph\">{\"@context\":\"https:\/\/schema.org\",\"@graph\":[{\"@type\":\"WebPage\",\"@id\":\"https:\/\/quicktools4p.com\/de\/your-benefits\/\",\"url\":\"https:\/\/quicktools4p.com\/de\/your-benefits\/\",\"name\":\"Ihre vorteile - Quick Tools\",\"isPartOf\":{\"@id\":\"https:\/\/quicktools4p.com\/#website\"},\"datePublished\":\"2018-06-26T13:06:04+00:00\",\"dateModified\":\"2018-07-17T12:35:18+00:00\",\"breadcrumb\":{\"@id\":\"https:\/\/quicktools4p.com\/de\/your-benefits\/#breadcrumb\"},\"inLanguage\":\"de\",\"potentialAction\":[{\"@type\":\"ReadAction\",\"target\":[\"https:\/\/quicktools4p.com\/de\/your-benefits\/\"]}]},{\"@type\":\"BreadcrumbList\",\"@id\":\"https:\/\/quicktools4p.com\/de\/your-benefits\/#breadcrumb\",\"itemListElement\":[{\"@type\":\"ListItem\",\"position\":1,\"name\":\"Home\",\"item\":\"https:\/\/quicktools4p.com\/de\/\"},{\"@type\":\"ListItem\",\"position\":2,\"name\":\"Ihre vorteile\"}]},{\"@type\":\"WebSite\",\"@id\":\"https:\/\/quicktools4p.com\/#website\",\"url\":\"https:\/\/quicktools4p.com\/\",\"name\":\"Quick Tools\",\"description\":\"\",\"potentialAction\":[{\"@type\":\"SearchAction\",\"target\":{\"@type\":\"EntryPoint\",\"urlTemplate\":\"https:\/\/quicktools4p.com\/?s={search_term_string}\"},\"query-input\":{\"@type\":\"PropertyValueSpecification\",\"valueRequired\":true,\"valueName\":\"search_term_string\"}}],\"inLanguage\":\"de\"}]}<\/script>\n<!-- \/ Yoast SEO plugin. -->","yoast_head_json":{"title":"Ihre vorteile - Quick Tools","robots":{"index":"index","follow":"follow","max-snippet":"max-snippet:-1","max-image-preview":"max-image-preview:large","max-video-preview":"max-video-preview:-1"},"canonical":"https:\/\/quicktools4p.com\/de\/your-benefits\/","og_locale":"de_DE","og_type":"article","og_title":"Ihre vorteile - Quick Tools","og_description":"Die optimalen Ergebnisse k\u00f6nnen nur dank ausgezeichneten Fachwissens und perfekter Projektbeherrschung innerhalb k\u00fcrzester Durchlaufzeiten verwirklicht werden. Zeit Ihre Produkte bekommen Sie mit einem au\u00dfergew\u00f6hnlichen Sonderbonus, n\u00e4mlich Zeit. Manchmal ist die Umlaufzeit schneller als bei allen anderen Prozessen. Unsere Kunden geraten niemals in Zeitnot. Ihre Mannschaft arbeitet viel rationeller: Keine Wartezeiten zwischen Freigabe des Designs, Erstmuster [&hellip;]","og_url":"https:\/\/quicktools4p.com\/de\/your-benefits\/","og_site_name":"Quick Tools","article_modified_time":"2018-07-17T12:35:18+00:00","twitter_card":"summary_large_image","twitter_misc":{"Gesch\u00e4tzte Lesezeit":"1\u00a0Minute"},"schema":{"@context":"https:\/\/schema.org","@graph":[{"@type":"WebPage","@id":"https:\/\/quicktools4p.com\/de\/your-benefits\/","url":"https:\/\/quicktools4p.com\/de\/your-benefits\/","name":"Ihre vorteile - Quick Tools","isPartOf":{"@id":"https:\/\/quicktools4p.com\/#website"},"datePublished":"2018-06-26T13:06:04+00:00","dateModified":"2018-07-17T12:35:18+00:00","breadcrumb":{"@id":"https:\/\/quicktools4p.com\/de\/your-benefits\/#breadcrumb"},"inLanguage":"de","potentialAction":[{"@type":"ReadAction","target":["https:\/\/quicktools4p.com\/de\/your-benefits\/"]}]},{"@type":"BreadcrumbList","@id":"https:\/\/quicktools4p.com\/de\/your-benefits\/#breadcrumb","itemListElement":[{"@type":"ListItem","position":1,"name":"Home","item":"https:\/\/quicktools4p.com\/de\/"},{"@type":"ListItem","position":2,"name":"Ihre vorteile"}]},{"@type":"WebSite","@id":"https:\/\/quicktools4p.com\/#website","url":"https:\/\/quicktools4p.com\/","name":"Quick Tools","description":"","potentialAction":[{"@type":"SearchAction","target":{"@type":"EntryPoint","urlTemplate":"https:\/\/quicktools4p.com\/?s={search_term_string}"},"query-input":{"@type":"PropertyValueSpecification","valueRequired":true,"valueName":"search_term_string"}}],"inLanguage":"de"}]}},"_links":{"self":[{"href":"https:\/\/quicktools4p.com\/de\/wp-json\/wp\/v2\/pages\/163","targetHints":{"allow":["GET"]}}],"collection":[{"href":"https:\/\/quicktools4p.com\/de\/wp-json\/wp\/v2\/pages"}],"about":[{"href":"https:\/\/quicktools4p.com\/de\/wp-json\/wp\/v2\/types\/page"}],"author":[{"embeddable":true,"href":"https:\/\/quicktools4p.com\/de\/wp-json\/wp\/v2\/users\/1"}],"replies":[{"embeddable":true,"href":"https:\/\/quicktools4p.com\/de\/wp-json\/wp\/v2\/comments?post=163"}],"version-history":[{"count":2,"href":"https:\/\/quicktools4p.com\/de\/wp-json\/wp\/v2\/pages\/163\/revisions"}],"predecessor-version":[{"id":252,"href":"https:\/\/quicktools4p.com\/de\/wp-json\/wp\/v2\/pages\/163\/revisions\/252"}],"wp:attachment":[{"href":"https:\/\/quicktools4p.com\/de\/wp-json\/wp\/v2\/media?parent=163"}],"curies":[{"name":"wp","href":"https:\/\/api.w.org\/{rel}","templated":true}]}}