{"id":164,"date":"2018-06-26T15:06:03","date_gmt":"2018-06-26T13:06:03","guid":{"rendered":"https:\/\/quicktools4p.com\/\/quickstart\/"},"modified":"2018-07-17T14:41:34","modified_gmt":"2018-07-17T12:41:34","slug":"quickstart","status":"publish","type":"page","link":"https:\/\/quicktools4p.com\/de\/quickstart\/","title":{"rendered":"Quickstart"},"content":{"rendered":"<p>Alle Anfragen und Projekte werden unter h\u00f6chster Geheimhaltung umgesetzt. Nach dem Empfang unterschreiben wir Ihre NDA und schicken diese gleich zur\u00fcck.<\/p>\n<h3>Allgemeine Anfrage<\/h3>\n<p>Wenn die Daten festgelegt sind.<br \/>\nSchicken Sie Ihre Anfrage per E-Mail oder FTP und erw\u00e4hnen Sie:<\/p>\n<ul>\n<li>Den voraussichtlichen Jahresbedarf und die voraussichtliche Laufzeit<\/li>\n<li>Werkstoff, Farbe und Oberfl\u00e4chenqualit\u00e4t<\/li>\n<li>Andere Anforderungen<\/li>\n<\/ul>\n<p>Wir k\u00f6nnen jedes Dateiformat lesen, aber wir bevorzugen \u2018.x_t\u2019 (parasolid)<\/p>\n<p>STL-Daten k\u00f6nnen wir leider nicht benutzen.<\/p>\n<p>Vorab wird QuickTools unverbindlich die folgenden Analysen durchf\u00fchren:<\/p>\n<ul>\n<li>Machbarkeit studieren<\/li>\n<li>Werkzeugauslebung und Trennebene<\/li>\n<li>Mouldflow-Analyse<\/li>\n<\/ul>\n<p>Eine vollst\u00e4ndige Information lohnt sich:<\/p>\n<ul>\n<li>Wie wird das Bauteil genutzt werden: Zusammenbau mit welchen anderen Teilen<\/li>\n<li>2D-Zeichnung mit Toleranzen<\/li>\n<li>Normierung und Pflichtenheft<\/li>\n<li>Wenn m\u00f6glich Referenzteile: Vorg\u00e4ngermodelle oder \u00e4hnliche Teile<\/li>\n<\/ul>\n<p>&nbsp;<\/p>\n<h3>Kostenreduzierung: Bitte schicken Sie neben dem endg\u00fcltigen 3D-Satz auch einen Datensatz ohne Kantenabrundungen zu, damit wir Ihnen eine Reduzierung um die Entwicklungskosten anbieten k\u00f6nnen.<\/h3>\n","protected":false},"excerpt":{"rendered":"<p>Alle Anfragen und Projekte werden unter h\u00f6chster Geheimhaltung umgesetzt. Nach dem Empfang unterschreiben wir Ihre NDA und schicken diese gleich zur\u00fcck. Allgemeine Anfrage Wenn die Daten festgelegt sind. Schicken Sie Ihre Anfrage per E-Mail oder FTP und erw\u00e4hnen Sie: Den voraussichtlichen Jahresbedarf und die voraussichtliche Laufzeit Werkstoff, Farbe und Oberfl\u00e4chenqualit\u00e4t Andere Anforderungen Wir k\u00f6nnen jedes [&hellip;]<\/p>\n","protected":false},"author":1,"featured_media":0,"parent":0,"menu_order":24,"comment_status":"closed","ping_status":"closed","template":"template_text.php","meta":{"_acf_changed":false,"footnotes":""},"class_list":["post-164","page","type-page","status-publish","hentry"],"acf":[],"yoast_head":"<!-- This site is optimized with the Yoast SEO plugin v25.7 - https:\/\/yoast.com\/wordpress\/plugins\/seo\/ -->\n<title>Quickstart - Quick Tools<\/title>\n<meta name=\"robots\" content=\"index, follow, max-snippet:-1, max-image-preview:large, max-video-preview:-1\" \/>\n<link rel=\"canonical\" href=\"https:\/\/quicktools4p.com\/de\/quickstart\/\" \/>\n<meta property=\"og:locale\" content=\"de_DE\" \/>\n<meta property=\"og:type\" content=\"article\" \/>\n<meta property=\"og:title\" content=\"Quickstart - Quick Tools\" \/>\n<meta property=\"og:description\" content=\"Alle Anfragen und Projekte werden unter h\u00f6chster Geheimhaltung umgesetzt. Nach dem Empfang unterschreiben wir Ihre NDA und schicken diese gleich zur\u00fcck. Allgemeine Anfrage Wenn die Daten festgelegt sind. Schicken Sie Ihre Anfrage per E-Mail oder FTP und erw\u00e4hnen Sie: Den voraussichtlichen Jahresbedarf und die voraussichtliche Laufzeit Werkstoff, Farbe und Oberfl\u00e4chenqualit\u00e4t Andere Anforderungen Wir k\u00f6nnen jedes [&hellip;]\" \/>\n<meta property=\"og:url\" content=\"https:\/\/quicktools4p.com\/de\/quickstart\/\" \/>\n<meta property=\"og:site_name\" content=\"Quick Tools\" \/>\n<meta property=\"article:modified_time\" content=\"2018-07-17T12:41:34+00:00\" \/>\n<meta name=\"twitter:card\" content=\"summary_large_image\" \/>\n<meta name=\"twitter:label1\" content=\"Gesch\u00e4tzte Lesezeit\" \/>\n\t<meta name=\"twitter:data1\" content=\"1\u00a0Minute\" \/>\n<script type=\"application\/ld+json\" class=\"yoast-schema-graph\">{\"@context\":\"https:\/\/schema.org\",\"@graph\":[{\"@type\":\"WebPage\",\"@id\":\"https:\/\/quicktools4p.com\/de\/quickstart\/\",\"url\":\"https:\/\/quicktools4p.com\/de\/quickstart\/\",\"name\":\"Quickstart - Quick Tools\",\"isPartOf\":{\"@id\":\"https:\/\/quicktools4p.com\/#website\"},\"datePublished\":\"2018-06-26T13:06:03+00:00\",\"dateModified\":\"2018-07-17T12:41:34+00:00\",\"breadcrumb\":{\"@id\":\"https:\/\/quicktools4p.com\/de\/quickstart\/#breadcrumb\"},\"inLanguage\":\"de\",\"potentialAction\":[{\"@type\":\"ReadAction\",\"target\":[\"https:\/\/quicktools4p.com\/de\/quickstart\/\"]}]},{\"@type\":\"BreadcrumbList\",\"@id\":\"https:\/\/quicktools4p.com\/de\/quickstart\/#breadcrumb\",\"itemListElement\":[{\"@type\":\"ListItem\",\"position\":1,\"name\":\"Home\",\"item\":\"https:\/\/quicktools4p.com\/de\/\"},{\"@type\":\"ListItem\",\"position\":2,\"name\":\"Quickstart\"}]},{\"@type\":\"WebSite\",\"@id\":\"https:\/\/quicktools4p.com\/#website\",\"url\":\"https:\/\/quicktools4p.com\/\",\"name\":\"Quick Tools\",\"description\":\"\",\"potentialAction\":[{\"@type\":\"SearchAction\",\"target\":{\"@type\":\"EntryPoint\",\"urlTemplate\":\"https:\/\/quicktools4p.com\/?s={search_term_string}\"},\"query-input\":{\"@type\":\"PropertyValueSpecification\",\"valueRequired\":true,\"valueName\":\"search_term_string\"}}],\"inLanguage\":\"de\"}]}<\/script>\n<!-- \/ Yoast SEO plugin. -->","yoast_head_json":{"title":"Quickstart - Quick Tools","robots":{"index":"index","follow":"follow","max-snippet":"max-snippet:-1","max-image-preview":"max-image-preview:large","max-video-preview":"max-video-preview:-1"},"canonical":"https:\/\/quicktools4p.com\/de\/quickstart\/","og_locale":"de_DE","og_type":"article","og_title":"Quickstart - Quick Tools","og_description":"Alle Anfragen und Projekte werden unter h\u00f6chster Geheimhaltung umgesetzt. Nach dem Empfang unterschreiben wir Ihre NDA und schicken diese gleich zur\u00fcck. Allgemeine Anfrage Wenn die Daten festgelegt sind. Schicken Sie Ihre Anfrage per E-Mail oder FTP und erw\u00e4hnen Sie: Den voraussichtlichen Jahresbedarf und die voraussichtliche Laufzeit Werkstoff, Farbe und Oberfl\u00e4chenqualit\u00e4t Andere Anforderungen Wir k\u00f6nnen jedes [&hellip;]","og_url":"https:\/\/quicktools4p.com\/de\/quickstart\/","og_site_name":"Quick Tools","article_modified_time":"2018-07-17T12:41:34+00:00","twitter_card":"summary_large_image","twitter_misc":{"Gesch\u00e4tzte Lesezeit":"1\u00a0Minute"},"schema":{"@context":"https:\/\/schema.org","@graph":[{"@type":"WebPage","@id":"https:\/\/quicktools4p.com\/de\/quickstart\/","url":"https:\/\/quicktools4p.com\/de\/quickstart\/","name":"Quickstart - Quick Tools","isPartOf":{"@id":"https:\/\/quicktools4p.com\/#website"},"datePublished":"2018-06-26T13:06:03+00:00","dateModified":"2018-07-17T12:41:34+00:00","breadcrumb":{"@id":"https:\/\/quicktools4p.com\/de\/quickstart\/#breadcrumb"},"inLanguage":"de","potentialAction":[{"@type":"ReadAction","target":["https:\/\/quicktools4p.com\/de\/quickstart\/"]}]},{"@type":"BreadcrumbList","@id":"https:\/\/quicktools4p.com\/de\/quickstart\/#breadcrumb","itemListElement":[{"@type":"ListItem","position":1,"name":"Home","item":"https:\/\/quicktools4p.com\/de\/"},{"@type":"ListItem","position":2,"name":"Quickstart"}]},{"@type":"WebSite","@id":"https:\/\/quicktools4p.com\/#website","url":"https:\/\/quicktools4p.com\/","name":"Quick Tools","description":"","potentialAction":[{"@type":"SearchAction","target":{"@type":"EntryPoint","urlTemplate":"https:\/\/quicktools4p.com\/?s={search_term_string}"},"query-input":{"@type":"PropertyValueSpecification","valueRequired":true,"valueName":"search_term_string"}}],"inLanguage":"de"}]}},"_links":{"self":[{"href":"https:\/\/quicktools4p.com\/de\/wp-json\/wp\/v2\/pages\/164","targetHints":{"allow":["GET"]}}],"collection":[{"href":"https:\/\/quicktools4p.com\/de\/wp-json\/wp\/v2\/pages"}],"about":[{"href":"https:\/\/quicktools4p.com\/de\/wp-json\/wp\/v2\/types\/page"}],"author":[{"embeddable":true,"href":"https:\/\/quicktools4p.com\/de\/wp-json\/wp\/v2\/users\/1"}],"replies":[{"embeddable":true,"href":"https:\/\/quicktools4p.com\/de\/wp-json\/wp\/v2\/comments?post=164"}],"version-history":[{"count":1,"href":"https:\/\/quicktools4p.com\/de\/wp-json\/wp\/v2\/pages\/164\/revisions"}],"predecessor-version":[{"id":253,"href":"https:\/\/quicktools4p.com\/de\/wp-json\/wp\/v2\/pages\/164\/revisions\/253"}],"wp:attachment":[{"href":"https:\/\/quicktools4p.com\/de\/wp-json\/wp\/v2\/media?parent=164"}],"curies":[{"name":"wp","href":"https:\/\/api.w.org\/{rel}","templated":true}]}}