{"id":165,"date":"2018-06-26T15:06:01","date_gmt":"2018-06-26T13:06:01","guid":{"rendered":"https:\/\/quicktools4p.com\/\/industrial-knowhow\/"},"modified":"2018-07-17T14:43:01","modified_gmt":"2018-07-17T12:43:01","slug":"industrial-knowhow","status":"publish","type":"page","link":"https:\/\/quicktools4p.com\/de\/industrial-knowhow\/","title":{"rendered":"Industrielles fachwissen"},"content":{"rendered":"<p>QuickTools ist in alle Bereichen aktiv, in denen es Gewinner gibt.<br \/>\nGewinner sein bedeutet grunds\u00e4tzlich Klassenbester zu sein.<\/p>\n<h3>A\u00a0&#8211; Z<\/h3>\n<ul>\n<li>Animation &amp; Gaming<\/li>\n<li>E-bike<\/li>\n<li>Elektrofotografie<\/li>\n<li>Elektrotechnik<\/li>\n<li>Elektrowerkzeug<\/li>\n<li>Fahrzeugbau<\/li>\n<li>Geldautomaten<\/li>\n<li>Hausrat<\/li>\n<li>Haustierindustrie<\/li>\n<li>Konsumgut<\/li>\n<li>K\u00fcchenger\u00e4t<\/li>\n<li>Maschinenbau<\/li>\n<li>M\u00f6bel<\/li>\n<li>Motorrad<\/li>\n<li>Pharmazie<\/li>\n<li>Rasierger\u00e4te<\/li>\n<li>Telekommunikation<\/li>\n<li>Verpackungen<\/li>\n<li>Wehrtechnik<\/li>\n<li>Wei\u00dfprodukt<\/li>\n<li>Werbung &amp; Verkaufsstelle<\/li>\n<li>Und ein ganze Menge mehr<\/li>\n<\/ul>\n","protected":false},"excerpt":{"rendered":"<p>QuickTools ist in alle Bereichen aktiv, in denen es Gewinner gibt. Gewinner sein bedeutet grunds\u00e4tzlich Klassenbester zu sein. A\u00a0&#8211; Z Animation &amp; Gaming E-bike Elektrofotografie Elektrotechnik Elektrowerkzeug Fahrzeugbau Geldautomaten Hausrat Haustierindustrie Konsumgut K\u00fcchenger\u00e4t Maschinenbau M\u00f6bel Motorrad Pharmazie Rasierger\u00e4te Telekommunikation Verpackungen Wehrtechnik Wei\u00dfprodukt Werbung &amp; Verkaufsstelle Und ein ganze Menge mehr<\/p>\n","protected":false},"author":1,"featured_media":0,"parent":0,"menu_order":27,"comment_status":"closed","ping_status":"closed","template":"template_text.php","meta":{"_acf_changed":false,"footnotes":""},"class_list":["post-165","page","type-page","status-publish","hentry"],"acf":[],"yoast_head":"<!-- This site is optimized with the Yoast SEO plugin v25.7 - https:\/\/yoast.com\/wordpress\/plugins\/seo\/ -->\n<title>Industrielles fachwissen - Quick Tools<\/title>\n<meta name=\"robots\" content=\"index, follow, max-snippet:-1, max-image-preview:large, max-video-preview:-1\" \/>\n<link rel=\"canonical\" href=\"https:\/\/quicktools4p.com\/de\/industrial-knowhow\/\" \/>\n<meta property=\"og:locale\" content=\"de_DE\" \/>\n<meta property=\"og:type\" content=\"article\" \/>\n<meta property=\"og:title\" content=\"Industrielles fachwissen - Quick Tools\" \/>\n<meta property=\"og:description\" content=\"QuickTools ist in alle Bereichen aktiv, in denen es Gewinner gibt. Gewinner sein bedeutet grunds\u00e4tzlich Klassenbester zu sein. A\u00a0&#8211; Z Animation &amp; Gaming E-bike Elektrofotografie Elektrotechnik Elektrowerkzeug Fahrzeugbau Geldautomaten Hausrat Haustierindustrie Konsumgut K\u00fcchenger\u00e4t Maschinenbau M\u00f6bel Motorrad Pharmazie Rasierger\u00e4te Telekommunikation Verpackungen Wehrtechnik Wei\u00dfprodukt Werbung &amp; Verkaufsstelle Und ein ganze Menge mehr\" \/>\n<meta property=\"og:url\" content=\"https:\/\/quicktools4p.com\/de\/industrial-knowhow\/\" \/>\n<meta property=\"og:site_name\" content=\"Quick Tools\" \/>\n<meta property=\"article:modified_time\" content=\"2018-07-17T12:43:01+00:00\" \/>\n<meta name=\"twitter:card\" content=\"summary_large_image\" \/>\n<script type=\"application\/ld+json\" class=\"yoast-schema-graph\">{\"@context\":\"https:\/\/schema.org\",\"@graph\":[{\"@type\":\"WebPage\",\"@id\":\"https:\/\/quicktools4p.com\/de\/industrial-knowhow\/\",\"url\":\"https:\/\/quicktools4p.com\/de\/industrial-knowhow\/\",\"name\":\"Industrielles fachwissen - Quick Tools\",\"isPartOf\":{\"@id\":\"https:\/\/quicktools4p.com\/#website\"},\"datePublished\":\"2018-06-26T13:06:01+00:00\",\"dateModified\":\"2018-07-17T12:43:01+00:00\",\"breadcrumb\":{\"@id\":\"https:\/\/quicktools4p.com\/de\/industrial-knowhow\/#breadcrumb\"},\"inLanguage\":\"de\",\"potentialAction\":[{\"@type\":\"ReadAction\",\"target\":[\"https:\/\/quicktools4p.com\/de\/industrial-knowhow\/\"]}]},{\"@type\":\"BreadcrumbList\",\"@id\":\"https:\/\/quicktools4p.com\/de\/industrial-knowhow\/#breadcrumb\",\"itemListElement\":[{\"@type\":\"ListItem\",\"position\":1,\"name\":\"Home\",\"item\":\"https:\/\/quicktools4p.com\/de\/\"},{\"@type\":\"ListItem\",\"position\":2,\"name\":\"Industrielles fachwissen\"}]},{\"@type\":\"WebSite\",\"@id\":\"https:\/\/quicktools4p.com\/#website\",\"url\":\"https:\/\/quicktools4p.com\/\",\"name\":\"Quick Tools\",\"description\":\"\",\"potentialAction\":[{\"@type\":\"SearchAction\",\"target\":{\"@type\":\"EntryPoint\",\"urlTemplate\":\"https:\/\/quicktools4p.com\/?s={search_term_string}\"},\"query-input\":{\"@type\":\"PropertyValueSpecification\",\"valueRequired\":true,\"valueName\":\"search_term_string\"}}],\"inLanguage\":\"de\"}]}<\/script>\n<!-- \/ Yoast SEO plugin. -->","yoast_head_json":{"title":"Industrielles fachwissen - Quick Tools","robots":{"index":"index","follow":"follow","max-snippet":"max-snippet:-1","max-image-preview":"max-image-preview:large","max-video-preview":"max-video-preview:-1"},"canonical":"https:\/\/quicktools4p.com\/de\/industrial-knowhow\/","og_locale":"de_DE","og_type":"article","og_title":"Industrielles fachwissen - Quick Tools","og_description":"QuickTools ist in alle Bereichen aktiv, in denen es Gewinner gibt. Gewinner sein bedeutet grunds\u00e4tzlich Klassenbester zu sein. A\u00a0&#8211; Z Animation &amp; Gaming E-bike Elektrofotografie Elektrotechnik Elektrowerkzeug Fahrzeugbau Geldautomaten Hausrat Haustierindustrie Konsumgut K\u00fcchenger\u00e4t Maschinenbau M\u00f6bel Motorrad Pharmazie Rasierger\u00e4te Telekommunikation Verpackungen Wehrtechnik Wei\u00dfprodukt Werbung &amp; Verkaufsstelle Und ein ganze Menge mehr","og_url":"https:\/\/quicktools4p.com\/de\/industrial-knowhow\/","og_site_name":"Quick Tools","article_modified_time":"2018-07-17T12:43:01+00:00","twitter_card":"summary_large_image","schema":{"@context":"https:\/\/schema.org","@graph":[{"@type":"WebPage","@id":"https:\/\/quicktools4p.com\/de\/industrial-knowhow\/","url":"https:\/\/quicktools4p.com\/de\/industrial-knowhow\/","name":"Industrielles fachwissen - Quick Tools","isPartOf":{"@id":"https:\/\/quicktools4p.com\/#website"},"datePublished":"2018-06-26T13:06:01+00:00","dateModified":"2018-07-17T12:43:01+00:00","breadcrumb":{"@id":"https:\/\/quicktools4p.com\/de\/industrial-knowhow\/#breadcrumb"},"inLanguage":"de","potentialAction":[{"@type":"ReadAction","target":["https:\/\/quicktools4p.com\/de\/industrial-knowhow\/"]}]},{"@type":"BreadcrumbList","@id":"https:\/\/quicktools4p.com\/de\/industrial-knowhow\/#breadcrumb","itemListElement":[{"@type":"ListItem","position":1,"name":"Home","item":"https:\/\/quicktools4p.com\/de\/"},{"@type":"ListItem","position":2,"name":"Industrielles fachwissen"}]},{"@type":"WebSite","@id":"https:\/\/quicktools4p.com\/#website","url":"https:\/\/quicktools4p.com\/","name":"Quick Tools","description":"","potentialAction":[{"@type":"SearchAction","target":{"@type":"EntryPoint","urlTemplate":"https:\/\/quicktools4p.com\/?s={search_term_string}"},"query-input":{"@type":"PropertyValueSpecification","valueRequired":true,"valueName":"search_term_string"}}],"inLanguage":"de"}]}},"_links":{"self":[{"href":"https:\/\/quicktools4p.com\/de\/wp-json\/wp\/v2\/pages\/165","targetHints":{"allow":["GET"]}}],"collection":[{"href":"https:\/\/quicktools4p.com\/de\/wp-json\/wp\/v2\/pages"}],"about":[{"href":"https:\/\/quicktools4p.com\/de\/wp-json\/wp\/v2\/types\/page"}],"author":[{"embeddable":true,"href":"https:\/\/quicktools4p.com\/de\/wp-json\/wp\/v2\/users\/1"}],"replies":[{"embeddable":true,"href":"https:\/\/quicktools4p.com\/de\/wp-json\/wp\/v2\/comments?post=165"}],"version-history":[{"count":1,"href":"https:\/\/quicktools4p.com\/de\/wp-json\/wp\/v2\/pages\/165\/revisions"}],"predecessor-version":[{"id":255,"href":"https:\/\/quicktools4p.com\/de\/wp-json\/wp\/v2\/pages\/165\/revisions\/255"}],"wp:attachment":[{"href":"https:\/\/quicktools4p.com\/de\/wp-json\/wp\/v2\/media?parent=165"}],"curies":[{"name":"wp","href":"https:\/\/api.w.org\/{rel}","templated":true}]}}