{"id":212,"date":"2018-07-02T14:52:48","date_gmt":"2018-07-02T12:52:48","guid":{"rendered":"https:\/\/quicktools4p.com\/\/what-we-do-for-you-2\/"},"modified":"2018-07-17T14:24:42","modified_gmt":"2018-07-17T12:24:42","slug":"what-we-do-for-you","status":"publish","type":"page","link":"https:\/\/quicktools4p.com\/de\/what-we-do-for-you\/","title":{"rendered":"Was wit fur sie tun"},"content":{"rendered":"<p><span style=\"color: #cc3301;\">Q<\/span>uick\u00a0<span style=\"color: #cc3301;\">R<\/span>esponse\u00a0<span style=\"color: #cc3301;\">M<\/span>anufacturing (Fertigung mit geringen Durchlaufzeiten), die digitale Welt der generativen Fertigung<\/p>\n<ul>\n<li>Komplizierte Kunststoffteile, den die h\u00f6chsten Qualit\u00e4tsanspr\u00fcchen\u00a0 entsprechen<\/li>\n<li>Alle Werkzeuge im Haus gedruckt (generative Fertigung)<\/li>\n<li>Alle Teile im Haus gespritzt<\/li>\n<li>Leistungsstarke Entwicklungsm\u00f6glichkeiten insofern notwendig.<\/li>\n<li>Mengen: Von 10 St\u00fcck bis zu einer Massenfertigung.<\/li>\n<li>Weltweite Lieferungen<\/li>\n<li>Wettbewerbsf\u00e4hige Angebote: m\u00f6glichst schnell, m\u00f6glichst preiswert.<\/li>\n<\/ul>\n<p><a href=\"https:\/\/quicktools4p.com\/\/de\/contact\/\">Dann fragen Sie QuickTools an!<\/a><\/p>\n","protected":false},"excerpt":{"rendered":"<p>Quick\u00a0Response\u00a0Manufacturing (Fertigung mit geringen Durchlaufzeiten), die digitale Welt der generativen Fertigung Komplizierte Kunststoffteile, den die h\u00f6chsten Qualit\u00e4tsanspr\u00fcchen\u00a0 entsprechen Alle Werkzeuge im Haus gedruckt (generative Fertigung) Alle Teile im Haus gespritzt Leistungsstarke Entwicklungsm\u00f6glichkeiten insofern notwendig. Mengen: Von 10 St\u00fcck bis zu einer Massenfertigung. Weltweite Lieferungen Wettbewerbsf\u00e4hige Angebote: m\u00f6glichst schnell, m\u00f6glichst preiswert. Dann fragen Sie QuickTools an!<\/p>\n","protected":false},"author":1,"featured_media":0,"parent":0,"menu_order":17,"comment_status":"closed","ping_status":"closed","template":"template_text.php","meta":{"_acf_changed":false,"footnotes":""},"class_list":["post-212","page","type-page","status-publish","hentry"],"acf":[],"yoast_head":"<!-- This site is optimized with the Yoast SEO plugin v25.7 - https:\/\/yoast.com\/wordpress\/plugins\/seo\/ -->\n<title>Was wit fur sie tun - Quick Tools<\/title>\n<meta name=\"robots\" content=\"index, follow, max-snippet:-1, max-image-preview:large, max-video-preview:-1\" \/>\n<link rel=\"canonical\" href=\"https:\/\/quicktools4p.com\/de\/what-we-do-for-you\/\" \/>\n<meta property=\"og:locale\" content=\"de_DE\" \/>\n<meta property=\"og:type\" content=\"article\" \/>\n<meta property=\"og:title\" content=\"Was wit fur sie tun - Quick Tools\" \/>\n<meta property=\"og:description\" content=\"Quick\u00a0Response\u00a0Manufacturing (Fertigung mit geringen Durchlaufzeiten), die digitale Welt der generativen Fertigung Komplizierte Kunststoffteile, den die h\u00f6chsten Qualit\u00e4tsanspr\u00fcchen\u00a0 entsprechen Alle Werkzeuge im Haus gedruckt (generative Fertigung) Alle Teile im Haus gespritzt Leistungsstarke Entwicklungsm\u00f6glichkeiten insofern notwendig. Mengen: Von 10 St\u00fcck bis zu einer Massenfertigung. Weltweite Lieferungen Wettbewerbsf\u00e4hige Angebote: m\u00f6glichst schnell, m\u00f6glichst preiswert. Dann fragen Sie QuickTools an!\" \/>\n<meta property=\"og:url\" content=\"https:\/\/quicktools4p.com\/de\/what-we-do-for-you\/\" \/>\n<meta property=\"og:site_name\" content=\"Quick Tools\" \/>\n<meta property=\"article:modified_time\" content=\"2018-07-17T12:24:42+00:00\" \/>\n<meta name=\"twitter:card\" content=\"summary_large_image\" \/>\n<script type=\"application\/ld+json\" class=\"yoast-schema-graph\">{\"@context\":\"https:\/\/schema.org\",\"@graph\":[{\"@type\":\"WebPage\",\"@id\":\"https:\/\/quicktools4p.com\/de\/what-we-do-for-you\/\",\"url\":\"https:\/\/quicktools4p.com\/de\/what-we-do-for-you\/\",\"name\":\"Was wit fur sie tun - Quick Tools\",\"isPartOf\":{\"@id\":\"https:\/\/quicktools4p.com\/#website\"},\"datePublished\":\"2018-07-02T12:52:48+00:00\",\"dateModified\":\"2018-07-17T12:24:42+00:00\",\"breadcrumb\":{\"@id\":\"https:\/\/quicktools4p.com\/de\/what-we-do-for-you\/#breadcrumb\"},\"inLanguage\":\"de\",\"potentialAction\":[{\"@type\":\"ReadAction\",\"target\":[\"https:\/\/quicktools4p.com\/de\/what-we-do-for-you\/\"]}]},{\"@type\":\"BreadcrumbList\",\"@id\":\"https:\/\/quicktools4p.com\/de\/what-we-do-for-you\/#breadcrumb\",\"itemListElement\":[{\"@type\":\"ListItem\",\"position\":1,\"name\":\"Home\",\"item\":\"https:\/\/quicktools4p.com\/de\/\"},{\"@type\":\"ListItem\",\"position\":2,\"name\":\"Was wit fur sie tun\"}]},{\"@type\":\"WebSite\",\"@id\":\"https:\/\/quicktools4p.com\/#website\",\"url\":\"https:\/\/quicktools4p.com\/\",\"name\":\"Quick Tools\",\"description\":\"\",\"potentialAction\":[{\"@type\":\"SearchAction\",\"target\":{\"@type\":\"EntryPoint\",\"urlTemplate\":\"https:\/\/quicktools4p.com\/?s={search_term_string}\"},\"query-input\":{\"@type\":\"PropertyValueSpecification\",\"valueRequired\":true,\"valueName\":\"search_term_string\"}}],\"inLanguage\":\"de\"}]}<\/script>\n<!-- \/ Yoast SEO plugin. -->","yoast_head_json":{"title":"Was wit fur sie tun - Quick Tools","robots":{"index":"index","follow":"follow","max-snippet":"max-snippet:-1","max-image-preview":"max-image-preview:large","max-video-preview":"max-video-preview:-1"},"canonical":"https:\/\/quicktools4p.com\/de\/what-we-do-for-you\/","og_locale":"de_DE","og_type":"article","og_title":"Was wit fur sie tun - Quick Tools","og_description":"Quick\u00a0Response\u00a0Manufacturing (Fertigung mit geringen Durchlaufzeiten), die digitale Welt der generativen Fertigung Komplizierte Kunststoffteile, den die h\u00f6chsten Qualit\u00e4tsanspr\u00fcchen\u00a0 entsprechen Alle Werkzeuge im Haus gedruckt (generative Fertigung) Alle Teile im Haus gespritzt Leistungsstarke Entwicklungsm\u00f6glichkeiten insofern notwendig. Mengen: Von 10 St\u00fcck bis zu einer Massenfertigung. Weltweite Lieferungen Wettbewerbsf\u00e4hige Angebote: m\u00f6glichst schnell, m\u00f6glichst preiswert. Dann fragen Sie QuickTools an!","og_url":"https:\/\/quicktools4p.com\/de\/what-we-do-for-you\/","og_site_name":"Quick Tools","article_modified_time":"2018-07-17T12:24:42+00:00","twitter_card":"summary_large_image","schema":{"@context":"https:\/\/schema.org","@graph":[{"@type":"WebPage","@id":"https:\/\/quicktools4p.com\/de\/what-we-do-for-you\/","url":"https:\/\/quicktools4p.com\/de\/what-we-do-for-you\/","name":"Was wit fur sie tun - Quick Tools","isPartOf":{"@id":"https:\/\/quicktools4p.com\/#website"},"datePublished":"2018-07-02T12:52:48+00:00","dateModified":"2018-07-17T12:24:42+00:00","breadcrumb":{"@id":"https:\/\/quicktools4p.com\/de\/what-we-do-for-you\/#breadcrumb"},"inLanguage":"de","potentialAction":[{"@type":"ReadAction","target":["https:\/\/quicktools4p.com\/de\/what-we-do-for-you\/"]}]},{"@type":"BreadcrumbList","@id":"https:\/\/quicktools4p.com\/de\/what-we-do-for-you\/#breadcrumb","itemListElement":[{"@type":"ListItem","position":1,"name":"Home","item":"https:\/\/quicktools4p.com\/de\/"},{"@type":"ListItem","position":2,"name":"Was wit fur sie tun"}]},{"@type":"WebSite","@id":"https:\/\/quicktools4p.com\/#website","url":"https:\/\/quicktools4p.com\/","name":"Quick Tools","description":"","potentialAction":[{"@type":"SearchAction","target":{"@type":"EntryPoint","urlTemplate":"https:\/\/quicktools4p.com\/?s={search_term_string}"},"query-input":{"@type":"PropertyValueSpecification","valueRequired":true,"valueName":"search_term_string"}}],"inLanguage":"de"}]}},"_links":{"self":[{"href":"https:\/\/quicktools4p.com\/de\/wp-json\/wp\/v2\/pages\/212","targetHints":{"allow":["GET"]}}],"collection":[{"href":"https:\/\/quicktools4p.com\/de\/wp-json\/wp\/v2\/pages"}],"about":[{"href":"https:\/\/quicktools4p.com\/de\/wp-json\/wp\/v2\/types\/page"}],"author":[{"embeddable":true,"href":"https:\/\/quicktools4p.com\/de\/wp-json\/wp\/v2\/users\/1"}],"replies":[{"embeddable":true,"href":"https:\/\/quicktools4p.com\/de\/wp-json\/wp\/v2\/comments?post=212"}],"version-history":[{"count":4,"href":"https:\/\/quicktools4p.com\/de\/wp-json\/wp\/v2\/pages\/212\/revisions"}],"predecessor-version":[{"id":244,"href":"https:\/\/quicktools4p.com\/de\/wp-json\/wp\/v2\/pages\/212\/revisions\/244"}],"wp:attachment":[{"href":"https:\/\/quicktools4p.com\/de\/wp-json\/wp\/v2\/media?parent=212"}],"curies":[{"name":"wp","href":"https:\/\/api.w.org\/{rel}","templated":true}]}}